{"id":9,"date":"2024-05-27T11:30:36","date_gmt":"2024-05-27T15:30:51","guid":{"rendered":"https:\/\/commparlimage.ca\/template-dev\/template3\/?page_id=9"},"modified":"2025-01-22T09:47:27","modified_gmt":"2025-01-22T14:47:27","slug":"accueil","status":"publish","type":"page","link":"https:\/\/mspstructures.com\/fr\/","title":{"rendered":"Coffrages de b\u00e9ton sur mesure &#038; pr\u00e9fabriqu\u00e9 | MSP Forms"},"content":{"rendered":"","protected":false},"excerpt":{"rendered":"","protected":false},"author":1,"featured_media":0,"parent":0,"menu_order":0,"comment_status":"closed","ping_status":"closed","template":"page-templates\/accueil.php","meta":{"_acf_changed":false,"footnotes":""},"class_list":["post-9","page","type-page","status-publish","hentry"],"acf":[],"_links":{"self":[{"href":"https:\/\/mspstructures.com\/fr\/wp-json\/wp\/v2\/pages\/9","targetHints":{"allow":["GET"]}}],"collection":[{"href":"https:\/\/mspstructures.com\/fr\/wp-json\/wp\/v2\/pages"}],"about":[{"href":"https:\/\/mspstructures.com\/fr\/wp-json\/wp\/v2\/types\/page"}],"author":[{"embeddable":true,"href":"https:\/\/mspstructures.com\/fr\/wp-json\/wp\/v2\/users\/1"}],"replies":[{"embeddable":true,"href":"https:\/\/mspstructures.com\/fr\/wp-json\/wp\/v2\/comments?post=9"}],"version-history":[{"count":30,"href":"https:\/\/mspstructures.com\/fr\/wp-json\/wp\/v2\/pages\/9\/revisions"}],"predecessor-version":[{"id":1631,"href":"https:\/\/mspstructures.com\/fr\/wp-json\/wp\/v2\/pages\/9\/revisions\/1631"}],"wp:attachment":[{"href":"https:\/\/mspstructures.com\/fr\/wp-json\/wp\/v2\/media?parent=9"}],"curies":[{"name":"wp","href":"https:\/\/api.w.org\/{rel}","templated":true}]}}