{"id":1338,"date":"2024-11-15T09:22:06","date_gmt":"2024-11-15T14:22:06","guid":{"rendered":"https:\/\/mspstructures.com\/new-site\/product\/msp-coredrill\/"},"modified":"2024-11-15T11:24:38","modified_gmt":"2024-11-15T16:24:38","slug":"msp-coredrill","status":"publish","type":"product","link":"https:\/\/mspstructures.com\/fr\/produit\/msp-coredrill\/","title":{"rendered":"MSP CoreDrill"},"content":{"rendered":"<p><strong>Commen\u00e7ons la base, et nous pouvons personnaliser selon vos besoins :<\/strong><\/p>\n<table style=\"height: 1137px;\" width=\"510\">\n<tbody>\n<tr>\n<td width=\"222\"><\/td>\n<td width=\"180\"><strong>Foreuse \u00e0 b\u00e9ton MSP<\/strong><\/td>\n<\/tr>\n<tr>\n<td width=\"222\"><strong>M\u00e8che DIA<\/strong><\/td>\n<td width=\"180\">15 \u00e0 1067 mm<\/p>\n<p>(6 \u00e0 42po)<\/td>\n<\/tr>\n<tr>\n<td width=\"222\"><strong>Course d&rsquo;avance<\/strong><\/td>\n<td width=\"180\">914 mm<\/p>\n<p>(36po)<\/td>\n<\/tr>\n<tr>\n<td width=\"222\"><strong>Course verticale<\/strong><\/td>\n<td width=\"180\">1650 mm<\/p>\n<p>(65po)<\/td>\n<\/tr>\n<tr>\n<td width=\"222\"><strong>Taille du tuyau de b\u00e9ton<\/strong><\/td>\n<td width=\"180\">Jusqu\u2019\u00e0 1830mm de DIA<\/p>\n<p>(72po)<\/td>\n<\/tr>\n<tr>\n<td width=\"222\"><strong>Table Tournante &#8211; dimension<\/strong><\/td>\n<td width=\"180\">2286 mm, rotation 360deg<\/p>\n<p>(90po)<\/td>\n<\/tr>\n<tr>\n<td width=\"222\"><strong>Table Tournante \u2013 capacit\u00e9<\/strong><\/td>\n<td width=\"180\">9090 kg<\/p>\n<p>(20,000 lbs)<\/td>\n<\/tr>\n<tr>\n<td width=\"222\"><strong>Vitesse de la broche de per\u00e7age<\/strong><\/td>\n<td width=\"180\">75 \u00e0 530 RPM<\/td>\n<\/tr>\n<tr>\n<td width=\"222\"><strong>HP (\u00e9lectrique)<\/strong><\/td>\n<td width=\"180\">14.9 kW<\/p>\n<p>(20 HP)<\/td>\n<\/tr>\n<tr>\n<td width=\"222\"><strong>D\u00e9bit d&rsquo;eau maximal<\/strong><\/td>\n<td width=\"180\">37.9 L\/min<\/p>\n<p>(10 gpm)<\/td>\n<\/tr>\n<tr>\n<td width=\"222\"><strong>Tension<\/strong><\/td>\n<td width=\"180\">460 V ou 575 V<\/td>\n<\/tr>\n<tr>\n<td width=\"222\"><strong>Carotte \u00e0 diamant<\/strong><\/td>\n<td width=\"180\">FOURNI PAR LE CLIENT<\/td>\n<\/tr>\n<\/tbody>\n<\/table>\n<p>&nbsp;<\/p>\n<p><strong>\u201cJ&rsquo;ai besoin de tirer le meilleur parti de mes outils, pour plus longtemps\u201d<\/strong><\/p>\n<ul>\n<li>Nos clients demandaient plus pour leur argent, la dur\u00e9e de vie prolong\u00e9e de l&rsquo;outil \u00e9tait un objectif majeur.<\/li>\n<li><strong>Vitesse de rotation de la broche de per\u00e7age r\u00e9glable en continu<\/strong>. Vous pouvez respecter les recommandations de vitesse sp\u00e9cifiques du fabricant de la carotte \u00e0 diamant, peu importe le diam\u00e8tre.<\/li>\n<li><strong>Construction du cadre en acier robuste<\/strong> pour plus de rigidit\u00e9 et moins de vibrations.<\/li>\n<li><strong>Outil interchangeable rapide <\/strong>et potence pour faciliter la manipulation des outils afin d&rsquo;aider vos op\u00e9rateurs \u00e0 passer rapidement \u00e0 la prochaine taille \u00e0 carotter.<\/li>\n<\/ul>\n<p><strong>\u201cS&rsquo;il vous pla\u00eet, gardez \u00e7a simple\u201d<\/strong><\/p>\n<ul>\n<li>Nous vous avons entendus ! Pas besoin d&rsquo;un expert en informatique pour r\u00e9soudre un probl\u00e8me s\u2019il se pr\u00e9sente.\n<ul>\n<li>Mat\u00e9riel \u00e9lectronique de qualit\u00e9 avec une architecture simplifi\u00e9e pour une utilisation et un d\u00e9pannage facile.<\/li>\n<li>Composantes standards pour faciliter l&rsquo;entretien ou les remplacements.<\/li>\n<li>Puissante unit\u00e9 d&rsquo;alimentation hydraulique avec leviers manuels et commandes \u00e0 boutons conviviaux.<\/li>\n<\/ul>\n<\/li>\n<\/ul>\n<p><strong>\u201cLa table tournante doit durer, elle va se faire brasser\u201d<\/strong><\/p>\n<ul>\n<li>Notre exp\u00e9rience dans l&rsquo;industrie de la construction lourde a \u00e9t\u00e9 mise \u00e0 profit dans cette conception.\n<ul>\n<li>Blocs d&rsquo;espacement robustes avec cl\u00e9s de positionnement pour aider \u00e0 guider le placement des pi\u00e8ces de tuyau en b\u00e9ton.<\/li>\n<li>Capacit\u00e9 de la table tournante de 20 000 lb avec rotation \u00e0 360 degr\u00e9s. R\u00e8gle lat\u00e9rale facile \u00e0 lire pour faciliter le positionnement de l&rsquo;angle de rotation.<\/li>\n<\/ul>\n<\/li>\n<\/ul>\n<p><strong>\u201cQue se passe-t-il si j&rsquo;aimerais avoir quelques options pour automatiser certaines op\u00e9rations ?\u201d<\/strong><\/p>\n<ul>\n<li>Nous pouvons faire tout cela ! Vous n&rsquo;aurez pas \u00e0 garder l&rsquo;\u00e9quipement pendant qu&rsquo;il travaille pour vous.\n<ul>\n<li>Kit de t\u00e9l\u00e9commande en option.<\/li>\n<li>Avance automatique du forage, arr\u00eat, r\u00e9traction, activation de la vanne d&rsquo;eau&#8230;<\/li>\n<li>Visualisez l&rsquo;\u00e9tat \u00e0 distance gr\u00e2ce \u00e0 une pile lumineuse en option.<\/li>\n<\/ul>\n<\/li>\n<\/ul>\n<p>Toutes les autres fonctions d\u2019automatisation peuvent \u00eatre discut\u00e9es et adapt\u00e9es \u00e0 vos besoins sp\u00e9cifiques.<\/p>\n","protected":false},"excerpt":{"rendered":"<p>Notre nouvelle gamme de Foreuse \u00e0 B\u00e9ton MSP pour vos besoins en mati\u00e8re de carottage de tuyaux en b\u00e9ton pr\u00e9fabriqu\u00e9s.<\/p>\n<p>Con\u00e7u par les experts de notre \u00e9quipe exp\u00e9riment\u00e9e de conception avec des fonctionnalit\u00e9s \u00e0 valeur ajout\u00e9e.<\/p>\n","protected":false},"featured_media":793,"template":"","meta":{"_acf_changed":false},"product_brand":[],"product_cat":[73],"product_tag":[],"class_list":{"0":"post-1338","1":"product","2":"type-product","3":"status-publish","4":"has-post-thumbnail","6":"product_cat-equipement","8":"first","9":"instock","10":"taxable","11":"shipping-taxable","12":"product-type-simple"},"acf":[],"_links":{"self":[{"href":"https:\/\/mspstructures.com\/fr\/wp-json\/wp\/v2\/product\/1338","targetHints":{"allow":["GET"]}}],"collection":[{"href":"https:\/\/mspstructures.com\/fr\/wp-json\/wp\/v2\/product"}],"about":[{"href":"https:\/\/mspstructures.com\/fr\/wp-json\/wp\/v2\/types\/product"}],"wp:featuredmedia":[{"embeddable":true,"href":"https:\/\/mspstructures.com\/fr\/wp-json\/wp\/v2\/media\/793"}],"wp:attachment":[{"href":"https:\/\/mspstructures.com\/fr\/wp-json\/wp\/v2\/media?parent=1338"}],"wp:term":[{"taxonomy":"product_brand","embeddable":true,"href":"https:\/\/mspstructures.com\/fr\/wp-json\/wp\/v2\/product_brand?post=1338"},{"taxonomy":"product_cat","embeddable":true,"href":"https:\/\/mspstructures.com\/fr\/wp-json\/wp\/v2\/product_cat?post=1338"},{"taxonomy":"product_tag","embeddable":true,"href":"https:\/\/mspstructures.com\/fr\/wp-json\/wp\/v2\/product_tag?post=1338"}],"curies":[{"name":"wp","href":"https:\/\/api.w.org\/{rel}","templated":true}]}}